{"id":1471,"date":"2021-06-12T22:13:42","date_gmt":"2021-06-12T22:13:42","guid":{"rendered":"https:\/\/dev.congress.eabp.org\/2023\/site\/?page_id=1471"},"modified":"2021-07-19T09:37:25","modified_gmt":"2021-07-19T09:37:25","slug":"congress-workshops","status":"publish","type":"page","link":"https:\/\/dev.congress.eabp.org\/2023\/site\/es\/programa\/congress-workshops\/","title":{"rendered":"Congress workshops"},"content":{"rendered":"\n<h2>Workshops<\/h2>\n\n\n\n<div class=\"is-layout-flow wp-block-group speaker-box\"><div class=\"wp-block-group__inner-container\">\n<h4 class=\"mb-1\">Las Experiencias B\u00e1sicas del Yo del Contacto en el mundo distante<\/h4>\n\n\n\n<p>Vivimos una \u00e9poca en la que la relaci\u00f3n emocional corre el riesgo de estar fuertemente condicionada por la digitalizaci\u00f3n del mundo y la consiguiente virtualizaci\u00f3n de las relaciones humanas.<\/p>\n\n\n\n<p>En la pr\u00e1ctica cl\u00ednica, se encuentran cada vez m\u00e1s a personas que experimentan grandes dificultades para establecer y mantener relaciones de pareja. Las conductas m\u00e1s frecuentes se encuentran aisladas; evadirse siempre que experimenta una estabilizaci\u00f3n y cotidianidad de la relaci\u00f3n; en la negaci\u00f3n de cualquier emoci\u00f3n y sentimiento, entrando en una especie de anestesia emocional..<\/p>\n\n\n\n<p>En Psicolog\u00eda Funcional (Rispoli, 1993) se explica todo el comportamiento humano a partir de c\u00f3mo se cruzan las Experiencias B\u00e1sicas del Yo (EBY). Estas se viven con Sentido, ya que se experimentan con todo el Yo psico-corporal: con emociones, sensaciones, movimientos, sistemas fisiol\u00f3gicos y pensamientos. Si las EBY no se viven plenamente debido a alguna falta del entorno primario o incluso por presiones culturales, se alteran provocando enfermedades y comportamientos no adaptativos e insatisfactorios para las personas que los realizan.<\/p>\n\n\n\n<p>Muchas EBY muestran alteraciones en las dificultades interpersonales aunque el Contacto ocupa un papel predominante. Esto siempre se altera cuando uno debe mantener continuamente una distancia segura del otro, bajo pena de perder la propia identidad y los l\u00edmites psico-corporales.<\/p>\n\n\n\n<p>Se propondr\u00e1 una secuencia de t\u00e9cnicas adecuadas para reabrir y movilizar algunas EBY, en particular la del Contacto.<\/p>\n\n\n\n<p>La modalidad ser\u00e1 vivencial, donde cada participante podr\u00e1 experimentar directamente las t\u00e9cnicas propuestas. Posteriormente habr\u00e1 un momento de compartir en grupo las experiencias vividas.<\/p>\n\n\n\n<div class=\"wp-block-image is-style-rounded\"><figure class=\"alignleft size-large is-resized\"><img decoding=\"async\" src=\"https:\/\/dev.congress.eabp.org\/2023\/site\/wp-content\/uploads\/image-edited.png\" alt=\"\" class=\"wp-image-1515\" width=\"120\" srcset=\"https:\/\/dev.congress.eabp.org\/2023\/site\/wp-content\/uploads\/image-edited.png 328w, https:\/\/dev.congress.eabp.org\/2023\/site\/wp-content\/uploads\/image-edited-300x300.png 300w, https:\/\/dev.congress.eabp.org\/2023\/site\/wp-content\/uploads\/image-edited-150x150.png 150w, https:\/\/dev.congress.eabp.org\/2023\/site\/wp-content\/uploads\/image-edited-230x230.png 230w\" sizes=\"(max-width: 328px) 100vw, 328px\" \/><\/figure><\/div>\n\n\n\n<p class=\"has-text-align-left\"><strong>Luciano Sabella<\/strong>, Psic\u00f3logo-psicoterapeuta funcional, realiza actividades cl\u00ednicas en su consulta en Florencia, Italia. Miembro de la SIF desde 1997, formador y supervisor de la Escuela de Psicoterapia Funcional desde 2003. Miembro del Forum de la EABP, miembro de AIPC. Autor de publicaciones cl\u00ednicas y epistemol\u00f3gicas. Creador y director de proyectos de formaci\u00f3n y prevenci\u00f3n. Ponente y conductor de numerosos discursos y talleres en encuentros internacionales, incluido los congresos de la EABP de 2014, 2016 y 2018.<br>Correo electr\u00f3nico: lucianosabella3@gmail.com<\/p>\n\n\n\n<div class=\"wp-block-image is-style-rounded\"><figure class=\"alignleft size-large is-resized\"><img decoding=\"async\" src=\"https:\/\/dev.congress.eabp.org\/2023\/site\/wp-content\/uploads\/enrica_pedrelli.png\" alt=\"\" class=\"wp-image-1698\" width=\"120\" srcset=\"https:\/\/dev.congress.eabp.org\/2023\/site\/wp-content\/uploads\/enrica_pedrelli.png 400w, https:\/\/dev.congress.eabp.org\/2023\/site\/wp-content\/uploads\/enrica_pedrelli-300x300.png 300w, https:\/\/dev.congress.eabp.org\/2023\/site\/wp-content\/uploads\/enrica_pedrelli-150x150.png 150w, https:\/\/dev.congress.eabp.org\/2023\/site\/wp-content\/uploads\/enrica_pedrelli-230x230.png 230w, https:\/\/dev.congress.eabp.org\/2023\/site\/wp-content\/uploads\/enrica_pedrelli-350x350.png 350w\" sizes=\"(max-width: 400px) 100vw, 400px\" \/><\/figure><\/div>\n\n\n\n<p><strong>Enrica Pedrelli<\/strong> Psic\u00f3loga, Psicoterapeuta, es miembro de la Sociedad Italiana de Psicoterapia Funcional (SIF,&nbsp;<a href=\"http:\/\/www.psicologiafunzionale.it\/\">www.psicologiafunzionale.it<\/a>) y es Profesora, Formadora y Supervisora en la Escuela Europea de Psicoterapia Funcional desde 2003 (SEF). Miembro del Forum de la EABP. Ha trabajado durante varios a\u00f1os en el campo del trauma y la paternidad. Correo electr\u00f3nico:&nbsp;<a href=\"mailto:epedrelli@libero.it\">epedrelli@libero.it<\/a><\/p>\n\n\n\n<p><\/p>\n<\/div><\/div>\n","protected":false},"excerpt":{"rendered":"<p>Workshops Las Experiencias B\u00e1sicas del Yo del Contacto en el mundo distante Vivimos una \u00e9poca en la que la relaci\u00f3n emocional corre [&hellip;]<\/p>\n","protected":false},"author":1,"featured_media":0,"parent":1272,"menu_order":20,"comment_status":"closed","ping_status":"closed","template":"","meta":[],"_links":{"self":[{"href":"https:\/\/dev.congress.eabp.org\/2023\/site\/wp-json\/wp\/v2\/pages\/1471"}],"collection":[{"href":"https:\/\/dev.congress.eabp.org\/2023\/site\/wp-json\/wp\/v2\/pages"}],"about":[{"href":"https:\/\/dev.congress.eabp.org\/2023\/site\/wp-json\/wp\/v2\/types\/page"}],"author":[{"embeddable":true,"href":"https:\/\/dev.congress.eabp.org\/2023\/site\/wp-json\/wp\/v2\/users\/1"}],"replies":[{"embeddable":true,"href":"https:\/\/dev.congress.eabp.org\/2023\/site\/wp-json\/wp\/v2\/comments?post=1471"}],"version-history":[{"count":0,"href":"https:\/\/dev.congress.eabp.org\/2023\/site\/wp-json\/wp\/v2\/pages\/1471\/revisions"}],"up":[{"embeddable":true,"href":"https:\/\/dev.congress.eabp.org\/2023\/site\/wp-json\/wp\/v2\/pages\/1272"}],"wp:attachment":[{"href":"https:\/\/dev.congress.eabp.org\/2023\/site\/wp-json\/wp\/v2\/media?parent=1471"}],"curies":[{"name":"wp","href":"https:\/\/api.w.org\/{rel}","templated":true}]}}