{"id":1459,"date":"2021-06-12T22:03:04","date_gmt":"2021-06-12T22:03:04","guid":{"rendered":"https:\/\/dev.congress.eabp.org\/2023\/site\/?page_id=1459"},"modified":"2021-08-31T09:54:04","modified_gmt":"2021-08-31T09:54:04","slug":"science-and-research-symposium-es","status":"publish","type":"page","link":"https:\/\/dev.congress.eabp.org\/2023\/site\/es\/programa\/science-and-research-symposium-es\/","title":{"rendered":"Science and Research Symposium ES"},"content":{"rendered":"\n<h2>Science and Research Symposium<\/h2>\n\n\n\n<h5>SIMPOSIO SR 1<\/h5>\n\n\n\n<h4>De la neurocepci\u00f3n a la conciencia corporal en la psicoterapia corporal<\/h4>\n\n\n\n<p>Como psicoterapeutas corporales, hemos tra\u00eddo a la conciencia \u00e1reas esenciales de la existencia humana y hemos desarrollado m\u00e9todos y t\u00e9cnicas poderosos para tocarlas. Al mismo tiempo, faltaron descripciones y conceptos bien formulados de los fen\u00f3menos con los que trabajamos. La investigaci\u00f3n sobre la eficacia de la psicoterapia corporal es esencial para el futuro desarrollo de la profesi\u00f3n de psicoterapia corporal. El Comit\u00e9 de Investigaci\u00f3n y Ciencia de la EABP trabaja arduamente para promover la investigaci\u00f3n en Psicoterapia Corporal. El tema del simposio de este a\u00f1o se llama <strong>\u201cDe la neurocepci\u00f3n a la conciencia corporal en la psicoterapia corporal\u201d<\/strong>. La conciencia corporal es la capacidad de contactar y sentir el propio cuerpo desde dentro y se considera una caracter\u00edstica clave en el funcionamiento normal y la salud general. El t\u00e9rmino &#8220;neurocepci\u00f3n&#8221; describe c\u00f3mo los circuitos neuronales pueden distinguir si las situaciones o personas son seguras, peligrosas o amenazan la vida. Una comparaci\u00f3n cient\u00edfica de ambos t\u00e9rminos podr\u00eda mostrar lo importante que es trabajar para restaurar el flujo sensorial. Exploraremos diferentes enfoques y nuevos paradigmas para comprender c\u00f3mo la Psicoterapia Corporal puede ser efectiva en un mundo cada vez m\u00e1s virtual e inconexo.<\/p>\n\n\n\n<hr class=\"wp-block-separator\"\/>\n\n\n\n<h5>SIMPOSIO SR 2<\/h5>\n\n\n\n<h4>Escalas de conciencia corporal y utilidad en psicoterapia corporal<\/h4>\n\n\n\n<hr class=\"wp-block-separator\"\/>\n\n\n\n<div class=\"wp-block-file\"><a href=\"https:\/\/dev.congress.eabp.org\/2023\/site\/wp-content\/uploads\/Science-and-Research-Symposium.pdf\" target=\"_blank\" rel=\"noreferrer noopener\">Science-and-Research-Symposium<\/a><a href=\"https:\/\/dev.congress.eabp.org\/2023\/site\/wp-content\/uploads\/Science-and-Research-Symposium.pdf\" class=\"wp-block-file__button\" download>Download<\/a><\/div>\n","protected":false},"excerpt":{"rendered":"<p>Science and Research Symposium SIMPOSIO SR 1 De la neurocepci\u00f3n a la conciencia corporal en la psicoterapia corporal Como psicoterapeutas corporales, hemos [&hellip;]<\/p>\n","protected":false},"author":1,"featured_media":0,"parent":1272,"menu_order":110,"comment_status":"closed","ping_status":"closed","template":"","meta":[],"_links":{"self":[{"href":"https:\/\/dev.congress.eabp.org\/2023\/site\/wp-json\/wp\/v2\/pages\/1459"}],"collection":[{"href":"https:\/\/dev.congress.eabp.org\/2023\/site\/wp-json\/wp\/v2\/pages"}],"about":[{"href":"https:\/\/dev.congress.eabp.org\/2023\/site\/wp-json\/wp\/v2\/types\/page"}],"author":[{"embeddable":true,"href":"https:\/\/dev.congress.eabp.org\/2023\/site\/wp-json\/wp\/v2\/users\/1"}],"replies":[{"embeddable":true,"href":"https:\/\/dev.congress.eabp.org\/2023\/site\/wp-json\/wp\/v2\/comments?post=1459"}],"version-history":[{"count":0,"href":"https:\/\/dev.congress.eabp.org\/2023\/site\/wp-json\/wp\/v2\/pages\/1459\/revisions"}],"up":[{"embeddable":true,"href":"https:\/\/dev.congress.eabp.org\/2023\/site\/wp-json\/wp\/v2\/pages\/1272"}],"wp:attachment":[{"href":"https:\/\/dev.congress.eabp.org\/2023\/site\/wp-json\/wp\/v2\/media?parent=1459"}],"curies":[{"name":"wp","href":"https:\/\/api.w.org\/{rel}","templated":true}]}}