{"id":1457,"date":"2021-06-12T22:02:45","date_gmt":"2021-06-12T22:02:45","guid":{"rendered":"https:\/\/dev.congress.eabp.org\/2023\/site\/?page_id=1457"},"modified":"2021-08-31T09:53:48","modified_gmt":"2021-08-31T09:53:48","slug":"science-and-research-symposium-de","status":"publish","type":"page","link":"https:\/\/dev.congress.eabp.org\/2023\/site\/de\/programm\/science-and-research-symposium-de\/","title":{"rendered":"Science and Research Symposium DE"},"content":{"rendered":"\n<h2>Science and Research Symposium<\/h2>\n\n\n\n<h5>SR SYMPOSIUM 1<\/h5>\n\n\n\n<h4>Von der Neurozeption zur K\u00f6rperwahrnehmung in der K\u00f6rperpsychotherapie<\/h4>\n\n\n\n<p>Als K\u00f6rperpsychotherapeuten haben wir wesentliche Bereiche der menschlichen Existenz ins Bewusstsein gebracht und wir haben kraftvolle Methoden und Techniken entwickelt, um diese zu ber\u00fchren. Gleichzeitig fehlte es an wohlformulierten Beschreibungen und Konzepten f\u00fcr die Ph\u00e4nomene, mit denen wir arbeiten. Die Erforschung der Wirksamkeit der K\u00f6rperpsychotherapie ist essentiell f\u00fcr die zuk\u00fcnftige Entwicklung des Berufsstandes der K\u00f6rperpsychotherapie. Das EABP Wissenschafts- und Forschungskomitee (SRC) arbeitet hart daran, die Forschungst\u00e4tigkeiten in der K\u00f6rperpsychotherapie zu f\u00f6rdern. Das Thema des diesj\u00e4hrigen Symposiums lautet &#8220;Von der Neurozeption zur K\u00f6rperwahrnehmung in der K\u00f6rperpsychotherapie&#8221;. K\u00f6rperbewusstsein ist die F\u00e4higkeit, mit dem eigenen K\u00f6rper in Kontakt zu treten und ihn von innen heraus zu sp\u00fcren. Es wird als ein Schl\u00fcsselmerkmal f\u00fcr das normale Funktionieren und die allgemeine Gesundheit angesehen. Der Begriff &#8220;Neuroception&#8221; beschreibt, wie letztendlich neuronale Schaltkreise entscheiden, ob Situationen bzw. Menschen als sicher, gef\u00e4hrlich oder lebensbedrohlich eingestuft werden. Ein wissenschaftlicher Vergleich beider Begriffe k\u00f6nnte zeigen, wie wichtig es ist, auf die Wiederherstellung des sensorischen Flusses hinzuarbeiten. Wir werden verschiedene Ans\u00e4tze und neue Paradigmen erforschen, um zu verstehen, wie K\u00f6rperpsychotherapie in einer Welt, die immer virtueller und unzusammenh\u00e4ngender erscheint, wirksam sein kann.<\/p>\n\n\n\n<hr class=\"wp-block-separator\"\/>\n\n\n\n<h5>SR SYMPOSIUM 2<\/h5>\n\n\n\n<h4>K\u00f6rperwahrnehmungsskalen &amp; der Nutzen f\u00fcr die K\u00f6rperpsychotherapie&nbsp;<\/h4>\n\n\n\n<hr class=\"wp-block-separator\"\/>\n\n\n\n<div class=\"wp-block-file\"><a href=\"https:\/\/dev.congress.eabp.org\/2023\/site\/wp-content\/uploads\/Science-and-Research-Symposium.pdf\" target=\"_blank\" rel=\"noreferrer noopener\">Science-and-Research-Symposium<\/a><a href=\"https:\/\/dev.congress.eabp.org\/2023\/site\/wp-content\/uploads\/Science-and-Research-Symposium.pdf\" class=\"wp-block-file__button\" download>Download<\/a><\/div>\n","protected":false},"excerpt":{"rendered":"<p>Science and Research Symposium SR SYMPOSIUM 1 Von der Neurozeption zur K\u00f6rperwahrnehmung in der K\u00f6rperpsychotherapie Als K\u00f6rperpsychotherapeuten haben wir wesentliche Bereiche der [&hellip;]<\/p>\n","protected":false},"author":1,"featured_media":0,"parent":213,"menu_order":110,"comment_status":"closed","ping_status":"closed","template":"","meta":[],"_links":{"self":[{"href":"https:\/\/dev.congress.eabp.org\/2023\/site\/wp-json\/wp\/v2\/pages\/1457"}],"collection":[{"href":"https:\/\/dev.congress.eabp.org\/2023\/site\/wp-json\/wp\/v2\/pages"}],"about":[{"href":"https:\/\/dev.congress.eabp.org\/2023\/site\/wp-json\/wp\/v2\/types\/page"}],"author":[{"embeddable":true,"href":"https:\/\/dev.congress.eabp.org\/2023\/site\/wp-json\/wp\/v2\/users\/1"}],"replies":[{"embeddable":true,"href":"https:\/\/dev.congress.eabp.org\/2023\/site\/wp-json\/wp\/v2\/comments?post=1457"}],"version-history":[{"count":0,"href":"https:\/\/dev.congress.eabp.org\/2023\/site\/wp-json\/wp\/v2\/pages\/1457\/revisions"}],"up":[{"embeddable":true,"href":"https:\/\/dev.congress.eabp.org\/2023\/site\/wp-json\/wp\/v2\/pages\/213"}],"wp:attachment":[{"href":"https:\/\/dev.congress.eabp.org\/2023\/site\/wp-json\/wp\/v2\/media?parent=1457"}],"curies":[{"name":"wp","href":"https:\/\/api.w.org\/{rel}","templated":true}]}}