{"id":1277,"date":"2021-06-10T23:37:08","date_gmt":"2021-06-10T23:37:08","guid":{"rendered":"https:\/\/dev.congress.eabp.org\/2023\/site\/?page_id=1277"},"modified":"2021-08-01T22:36:41","modified_gmt":"2021-08-01T22:36:41","slug":"sonntag","status":"publish","type":"page","link":"https:\/\/dev.congress.eabp.org\/2023\/site\/de\/programm\/sonntag\/","title":{"rendered":"SONNTAG, 12-09-2021"},"content":{"rendered":"\n<h2>Programm<\/h2>\n\n\n\n<h4>Sonntag den 12. September 2021<\/h4>\n\n\n\n<p class=\"color\"><span style=\"color:#008fa6\" class=\"has-inline-color\">10:30-12:00h<\/span> <strong>Vollversammlung (GA) der EABP \u2013 Teil II<\/strong><\/p>\n\n\n\n<p><span style=\"color:#008fa6\" class=\"has-inline-color\">12:00-12:30h<\/span> <strong>Pause<\/strong><\/p>\n\n\n\n<p class=\"color mb-0\"><span style=\"color:#008fa6\" class=\"has-inline-color\">12:30-13:15h<\/span> <strong>Vollversammlung (GA) der EABP \u2013 Teil II<\/strong> <span class=\"has-inline-color has-cyan-bluish-gray-color\">(Fortsetzung)<\/span><\/p>\n\n\n\n<ul class=\"mb-0\"><li><strong>Workshop \u201cNeurozeption \u2013 Wahrnehmung ohne Bewusstsein\u201d<\/strong><\/li><\/ul>\n\n\n\n<p>Mit Herbert Grassmann and Maurizio Stupiggia (11.30-13:00h)<\/p>\n\n\n\n<p class=\"mb-0\"><span style=\"color:#008fa6\" class=\"has-inline-color\">13:15-14:30h<\/span> <strong>Mittagessen<\/strong><\/p>\n\n\n\n<ul><li>Breakout-R\u00e4ume stehen zur Verf\u00fcgung f\u00fcr Treffen mit Freunden und\/oder gemeinsamem Mittagessen<\/li><\/ul>\n\n\n\n<h5>Kongress \u2013 Teil 3<\/h5>\n\n\n\n<p><span style=\"color:#008fa6\" class=\"has-inline-color\">14:30-16:00h<\/span><strong> Spezielle Zeremonie<\/strong><\/p>\n\n\n\n<p><span style=\"color:#008fa6\" class=\"has-inline-color\">16:00-16:30h<\/span> <strong>Pause<\/strong><\/p>\n\n\n\n<p class=\"mb-0\"><span style=\"color:#008fa6\" class=\"has-inline-color\">16:30-18:00h<\/span> <strong>Letzte Plenarveranstaltung<\/strong><\/p>\n\n\n\n<ul><li>Eine besondere Diskussionsrunde mit Prof. Stephen W. Porges und im Gespr\u00e4ch mit Genovino Ferri<\/li><li>Einleitung und Abschliessende Bemerkungen von Maurizio Stuppigia<\/li><\/ul>\n\n\n\n<p><span style=\"color:#008fa6\" class=\"has-inline-color\">18:00-19:00h<\/span> <strong>Danksagungen und Abschlussritual<\/strong><\/p>\n\n\n\n<p><span style=\"color:#008fa6\" class=\"has-inline-color\">19:00<\/span> <strong>Kongressende<\/strong><\/p>\n","protected":false},"excerpt":{"rendered":"<p>Programm Sonntag den 12. September 2021 10:30-12:00h Vollversammlung (GA) der EABP \u2013 Teil II 12:00-12:30h Pause 12:30-13:15h Vollversammlung (GA) der EABP \u2013 [&hellip;]<\/p>\n","protected":false},"author":1,"featured_media":0,"parent":213,"menu_order":70,"comment_status":"closed","ping_status":"closed","template":"page-templates\/page-program.php","meta":[],"_links":{"self":[{"href":"https:\/\/dev.congress.eabp.org\/2023\/site\/wp-json\/wp\/v2\/pages\/1277"}],"collection":[{"href":"https:\/\/dev.congress.eabp.org\/2023\/site\/wp-json\/wp\/v2\/pages"}],"about":[{"href":"https:\/\/dev.congress.eabp.org\/2023\/site\/wp-json\/wp\/v2\/types\/page"}],"author":[{"embeddable":true,"href":"https:\/\/dev.congress.eabp.org\/2023\/site\/wp-json\/wp\/v2\/users\/1"}],"replies":[{"embeddable":true,"href":"https:\/\/dev.congress.eabp.org\/2023\/site\/wp-json\/wp\/v2\/comments?post=1277"}],"version-history":[{"count":0,"href":"https:\/\/dev.congress.eabp.org\/2023\/site\/wp-json\/wp\/v2\/pages\/1277\/revisions"}],"up":[{"embeddable":true,"href":"https:\/\/dev.congress.eabp.org\/2023\/site\/wp-json\/wp\/v2\/pages\/213"}],"wp:attachment":[{"href":"https:\/\/dev.congress.eabp.org\/2023\/site\/wp-json\/wp\/v2\/media?parent=1277"}],"curies":[{"name":"wp","href":"https:\/\/api.w.org\/{rel}","templated":true}]}}