{"id":1274,"date":"2021-06-10T23:34:30","date_gmt":"2021-06-10T23:34:30","guid":{"rendered":"https:\/\/dev.congress.eabp.org\/2023\/site\/?page_id=1274"},"modified":"2021-07-16T21:58:16","modified_gmt":"2021-07-16T21:58:16","slug":"samstag","status":"publish","type":"page","link":"https:\/\/dev.congress.eabp.org\/2023\/site\/de\/programm\/samstag\/","title":{"rendered":"SAMSTAG, 11-09-2021"},"content":{"rendered":"\n<h2>Programm<\/h2>\n\n\n\n<h4>Samstag, den 11. September 2021<\/h4>\n\n\n\n<h5>Kongress \u2013 Teil II<\/h5>\n\n\n\n<p><span style=\"color:#008fa6\" class=\"has-inline-color\">09:30-09:35h<\/span> <strong>Stille Gedenkminuten<\/strong><\/p>\n\n\n\n<p class=\"mb-0\"><span style=\"color:#008fa6\" class=\"has-inline-color\">09:35-11:10h<\/span> <strong>Plenarveranstaltung<\/strong><\/p>\n\n\n\n<p class=\"mb-0\">Dr Kathrin A. Stauffer &#8211; Vortragende<\/p>\n\n\n\n<ul><li>Anschliessend Diskussionspanel \u2013 Sladjana Djordjevic &amp; Fabio Carbonari<\/li><\/ul>\n\n\n\n<p><span style=\"color:#008fa6\" class=\"has-inline-color\">11:10-11:30h<\/span> <strong>Pause<\/strong><\/p>\n\n\n\n<p class=\"mb-0\"><span style=\"color:#008fa6\" class=\"has-inline-color\">11:30-12:45h<\/span><strong> Plenumsdiskussion<\/strong><\/p>\n\n\n\n<ul><li>Anschlie\u00dfend Diskussion in kleineren Gruppen (Breakout-R\u00e4ume in verschiedenen Sprachen)<\/li><\/ul>\n\n\n\n<p class=\"mb-0\"><span style=\"color:#008fa6\" class=\"has-inline-color\">12:45-14:15h<\/span> <strong>Mittagessen<\/strong><\/p>\n\n\n\n<ul><li>Breakout-R\u00e4ume stehen zur Verf\u00fcgung f\u00fcr Treffen mit Freunden und\/oder gemeinsamem Mittagessen<\/li><\/ul>\n\n\n\n<p class=\"mb-0\"><span style=\"color:#008fa6\" class=\"has-inline-color\">14:15-15:45h<\/span> <strong>Symposien<\/strong><\/p>\n\n\n\n<ul><li><strong>SRC Symposium &#8211; Teil I<\/strong><ul><li><strong>Thema:<\/strong> <strong><em>Von Neurozeptionzu K\u00f6rperwahrnehmung in der KPT<\/em><\/strong><\/li><\/ul><\/li><li><strong>KPT und Gesellschaft Symposium<\/strong><ul><li><strong><em>Die Gesellschaft im Corona-Krisenmodus<\/em><\/strong> (Thomas Riepenhausen &amp; Ulrich Sollmann)<\/li><\/ul><\/li><li><strong>Workshops<\/strong> mit L. Sabella &amp; E. Pedrelli<ul><li><em><strong>\u2018Selbst\u2019 im Kontakt mit einer distanzierenden Welt<\/strong><\/em><\/li><\/ul><\/li><li><strong>EABP Ethikkomitee<\/strong> (TBC)<\/li><\/ul>\n\n\n\n<p><span style=\"color:#008fa6\" class=\"has-inline-color\">15:45-16:15h<\/span> <strong>Pause<\/strong><\/p>\n\n\n\n<p class=\"mb-0\"><span style=\"color:#008fa6\" class=\"has-inline-color\">16:15-17:15h<\/span> <strong>SRC Symposium &#8211; Teil II<\/strong><\/p>\n\n\n\n<p>Mit Prof. Stephen W. Porges<\/p>\n\n\n\n<p class=\"mb-0\"><strong><em>K\u00f6rperwahrnehmungs-Skalen und deren N\u00fctzlichkeit in der KPT<\/em><\/strong><\/p>\n\n\n\n<ul><li><strong>IBPJ Workshop<\/strong> (Titel folgt)<\/li><\/ul>\n\n\n\n<p><span style=\"color:#008fa6\" class=\"has-inline-color\">17:15-18:00h<\/span> <strong>Pause<\/strong><\/p>\n\n\n\n<p class=\"mb-0\"><span style=\"color:#008fa6\" class=\"has-inline-color\">18:00-19:30h<\/span> <strong>Kongressfeier<\/strong><\/p>\n\n\n\n<ul class=\"mb-0\"><li>Unsere Kreativit\u00e4t feiern und mitenander teilen<\/li><\/ul>\n\n\n\n<p><em><span class=\"has-inline-color has-cyan-bluish-gray-color\">Weitere Informationen folgen<\/span><\/em><\/p>\n\n\n\n<p class=\"mb-0\"><span style=\"color:#008fa6\" class=\"has-inline-color\">19:30-21:30h<\/span> <strong>MUSIK UND TANZ<\/strong><\/p>\n\n\n\n<p class=\"mb-0\">&#8211; Im Hauptraum<\/p>\n\n\n\n<ul><li>Breakout-R\u00e4ume stehen ebenfalls zur Verf\u00fcgung f\u00fcr Treffen mit Freunden und\/oder gemeinsamem Essen<\/li><\/ul>\n\n\n\n<p><span style=\"color:#008fa6\" class=\"has-inline-color\">21:30<\/span> <strong>Abschluss des Tages<\/strong><\/p>\n","protected":false},"excerpt":{"rendered":"<p>Programm Samstag, den 11. September 2021 Kongress \u2013 Teil II 09:30-09:35h Stille Gedenkminuten 09:35-11:10h Plenarveranstaltung Dr Kathrin A. Stauffer &#8211; Vortragende Anschliessend [&hellip;]<\/p>\n","protected":false},"author":1,"featured_media":0,"parent":213,"menu_order":60,"comment_status":"closed","ping_status":"closed","template":"page-templates\/page-program.php","meta":[],"_links":{"self":[{"href":"https:\/\/dev.congress.eabp.org\/2023\/site\/wp-json\/wp\/v2\/pages\/1274"}],"collection":[{"href":"https:\/\/dev.congress.eabp.org\/2023\/site\/wp-json\/wp\/v2\/pages"}],"about":[{"href":"https:\/\/dev.congress.eabp.org\/2023\/site\/wp-json\/wp\/v2\/types\/page"}],"author":[{"embeddable":true,"href":"https:\/\/dev.congress.eabp.org\/2023\/site\/wp-json\/wp\/v2\/users\/1"}],"replies":[{"embeddable":true,"href":"https:\/\/dev.congress.eabp.org\/2023\/site\/wp-json\/wp\/v2\/comments?post=1274"}],"version-history":[{"count":0,"href":"https:\/\/dev.congress.eabp.org\/2023\/site\/wp-json\/wp\/v2\/pages\/1274\/revisions"}],"up":[{"embeddable":true,"href":"https:\/\/dev.congress.eabp.org\/2023\/site\/wp-json\/wp\/v2\/pages\/213"}],"wp:attachment":[{"href":"https:\/\/dev.congress.eabp.org\/2023\/site\/wp-json\/wp\/v2\/media?parent=1274"}],"curies":[{"name":"wp","href":"https:\/\/api.w.org\/{rel}","templated":true}]}}