{"id":1267,"date":"2021-06-10T23:25:59","date_gmt":"2021-06-10T23:25:59","guid":{"rendered":"https:\/\/dev.congress.eabp.org\/2023\/site\/?page_id=1267"},"modified":"2021-07-19T22:03:56","modified_gmt":"2021-07-19T22:03:56","slug":"sabado","status":"publish","type":"page","link":"https:\/\/dev.congress.eabp.org\/2023\/site\/es\/programa\/sabado\/","title":{"rendered":"S\u00c1BADO, 11-09-2021"},"content":{"rendered":"\n<h2>Programa<\/h2>\n\n\n\n<h4>S\u00e1bado 11 de septiembre de 2021<\/h4>\n\n\n\n<h5>Congreso &#8211; Parte 2<\/h5>\n\n\n\n<p><span style=\"color:#008fa6\" class=\"has-inline-color\">09:30-09:35h<\/span> <strong>RECUERDO Silencioso por nuestra Comunidad<\/strong><\/p>\n\n\n\n<p class=\"mb-0\"><span style=\"color:#008fa6\" class=\"has-inline-color\">09:35-11:10h<\/span> <strong>Evento de apertura del s\u00e1bado<\/strong><\/p>\n\n\n\n<p class=\"mb-0\">Dra. Kathrin A. Stauffer &#8211; Presentaci\u00f3n<\/p>\n\n\n\n<ul><li>Seguido por un panel de discusi\u00f3n: Sladjana Djordjevic y Fabio Carbonari<\/li><\/ul>\n\n\n\n<p><span style=\"color:#008fa6\" class=\"has-inline-color\">11:10-11:30h<\/span> <strong>Descanso<\/strong><\/p>\n\n\n\n<p class=\"mb-0\"><span style=\"color:#008fa6\" class=\"has-inline-color\">11:30-12:45h<\/span><strong> Preguntas y respuestas<\/strong><\/p>\n\n\n\n<ul><li>Seguido de debates en la sala de reuniones (Breakout rooms) (salas de diferentes idiomas)<\/li><\/ul>\n\n\n\n<p class=\"mb-0\"><span style=\"color:#008fa6\" class=\"has-inline-color\">12:45-14:15h<\/span> <strong>Almuerzo<\/strong><\/p>\n\n\n\n<ul><li>Salas de descanso disponibles para reunirse con amigos y \/ o compartir comidas en l\u00ednea<\/li><\/ul>\n\n\n\n<p class=\"mb-0\"><span style=\"color:#008fa6\" class=\"has-inline-color\">14:15-15:45h<\/span> <strong>Simposios<\/strong><\/p>\n\n\n\n<ul><li><strong>Simposio SRC &#8211; Primera parte<\/strong><ul><li><strong>Tema:<\/strong> <strong><em>De la neurocepci\u00f3n a la conciencia corporal en la psicoterapia corporal<\/em><\/strong><\/li><\/ul><\/li><li><strong>Simposio de BP y Sociedad<\/strong><ul><li><strong><em>Sociedad en Corona Crisis Modus<\/em><\/strong> (Thomas Riepenhausen y Ulrich Sollmann)<\/li><\/ul><\/li><li><strong>Talleres<\/strong> con L. Sabella y E. Pedrelli<ul><li><em><strong>Uno mismo en contacto en un mundo distante<\/strong><\/em><\/li><\/ul><\/li><li><strong>Comit\u00e9 \u00c9tico<\/strong> (TBC)<\/li><\/ul>\n\n\n\n<p><span style=\"color:#008fa6\" class=\"has-inline-color\">15:45-16:15h<\/span> <strong><strong>Descanso<\/strong><\/strong><\/p>\n\n\n\n<p class=\"mb-0\"><span style=\"color:#008fa6\" class=\"has-inline-color\">16:15-17:15h<\/span> <strong>Simposio SRC &#8211; Segunda parte<\/strong><\/p>\n\n\n\n<p>Con el Dr. Stephen W. Porges<\/p>\n\n\n\n<p class=\"mb-0\"><strong><em>Escalas de conciencia corporal y utilidad en psicoterapia corporal<\/em><\/strong><\/p>\n\n\n\n<ul><li><strong>Taller de IBPJ<\/strong> (t\u00edtulo por venir)<\/li><\/ul>\n\n\n\n<p><span style=\"color:#008fa6\" class=\"has-inline-color\">17:15-18:00h<\/span> <strong>Descanso<\/strong><\/p>\n\n\n\n<p class=\"mb-0\"><span style=\"color:#008fa6\" class=\"has-inline-color\">18:00-19:30h<\/span> <strong>Encuentro de Celebraci\u00f3n del Congreso<\/strong><\/p>\n\n\n\n<ul class=\"mb-0\"><li>Compartiendo nuestro yo creativo<\/li><\/ul>\n\n\n\n<p><em><span class=\"has-inline-color has-cyan-bluish-gray-color\">M\u00e1s informaci\u00f3n pr\u00f3ximamente<\/span><\/em><\/p>\n\n\n\n<p class=\"mb-0\"><span style=\"color:#008fa6\" class=\"has-inline-color\">19:30-21:30h<\/span> <strong>M\u00daSICA Y BAILE<\/strong><\/p>\n\n\n\n<p class=\"mb-0\">&#8211; Sala principal<\/p>\n\n\n\n<ul><li>Tambi\u00e9n hay disponibles salas para grupos peque\u00f1os (Breakout rooms) para reunirse con amigos y \/ o compartir comidas en l\u00ednea<\/li><\/ul>\n\n\n\n<p><span style=\"color:#008fa6\" class=\"has-inline-color\">21:30<\/span> <strong>Cierre del d\u00eda<\/strong><\/p>\n","protected":false},"excerpt":{"rendered":"<p>Programa S\u00e1bado 11 de septiembre de 2021 Congreso &#8211; Parte 2 09:30-09:35h RECUERDO Silencioso por nuestra Comunidad 09:35-11:10h Evento de apertura del [&hellip;]<\/p>\n","protected":false},"author":1,"featured_media":0,"parent":1272,"menu_order":60,"comment_status":"closed","ping_status":"closed","template":"page-templates\/page-program.php","meta":[],"_links":{"self":[{"href":"https:\/\/dev.congress.eabp.org\/2023\/site\/wp-json\/wp\/v2\/pages\/1267"}],"collection":[{"href":"https:\/\/dev.congress.eabp.org\/2023\/site\/wp-json\/wp\/v2\/pages"}],"about":[{"href":"https:\/\/dev.congress.eabp.org\/2023\/site\/wp-json\/wp\/v2\/types\/page"}],"author":[{"embeddable":true,"href":"https:\/\/dev.congress.eabp.org\/2023\/site\/wp-json\/wp\/v2\/users\/1"}],"replies":[{"embeddable":true,"href":"https:\/\/dev.congress.eabp.org\/2023\/site\/wp-json\/wp\/v2\/comments?post=1267"}],"version-history":[{"count":0,"href":"https:\/\/dev.congress.eabp.org\/2023\/site\/wp-json\/wp\/v2\/pages\/1267\/revisions"}],"up":[{"embeddable":true,"href":"https:\/\/dev.congress.eabp.org\/2023\/site\/wp-json\/wp\/v2\/pages\/1272"}],"wp:attachment":[{"href":"https:\/\/dev.congress.eabp.org\/2023\/site\/wp-json\/wp\/v2\/media?parent=1267"}],"curies":[{"name":"wp","href":"https:\/\/api.w.org\/{rel}","templated":true}]}}