{"id":1258,"date":"2021-06-10T23:17:14","date_gmt":"2021-06-10T23:17:14","guid":{"rendered":"https:\/\/dev.congress.eabp.org\/2023\/site\/?page_id=1258"},"modified":"2021-07-16T21:38:07","modified_gmt":"2021-07-16T21:38:07","slug":"freitag","status":"publish","type":"page","link":"https:\/\/dev.congress.eabp.org\/2023\/site\/de\/programm\/freitag\/","title":{"rendered":"FREITAG, 10-09-2021"},"content":{"rendered":"\n<h2>Programm<\/h2>\n\n\n\n<h4>Freitag den 10. September 2021<\/h4>\n\n\n\n<p class=\"mb-0\"><span style=\"color:#008fa6\" class=\"has-inline-color\">10:00-11:00h<\/span> <strong>Ankunft und Begr\u00fcssung<\/strong><\/p>\n\n\n\n<ul><li>Breakout-R\u00e4ume stehen zur Verf\u00fcgung<\/li><li>Internationales Mitgliederkomitee: Treffen mit \u2018Kongressneulingen\u2019 (10.00-10.50h)<\/li><\/ul>\n\n\n\n<p class=\"color\"><span style=\"color:#008fa6\" class=\"has-inline-color\">11:00-13:15h<\/span> <strong>Vollversammlung (GA) EABP \u2013 Teil I<\/strong><\/p>\n\n\n\n<p class=\"mb-0\"><span style=\"color:#008fa6\" class=\"has-inline-color\">13:15-14:30h<\/span> <strong>Mittagessen<\/strong><\/p>\n\n\n\n<ul><li>Breakout-R\u00e4ume stehen zur Verf\u00fcgung f\u00fcr Treffen mit Freunden und\/oder gemeinsamem Mittagessen<\/li><\/ul>\n\n\n\n<h5>Kongress \u2013 Teil I<\/h5>\n\n\n\n<p class=\"mb-0\"><span style=\"color:#008fa6\" class=\"has-inline-color\">14:30-14:50h<\/span><strong> 17th EABP Internationaler Kongress<\/strong><\/p>\n\n\n\n<ul><li>Er\u00f6ffnung<\/li><\/ul>\n\n\n\n<p class=\"mb-0\"><span style=\"color:#008fa6\" class=\"has-inline-color\">14:50-16:30h<\/span> <strong>Plenar-Veranstaltung<\/strong><\/p>\n\n\n\n<ul><li>Marianne Bentzen \u2013 Vortragende<\/li><li>Anschlie\u00dfend Diskussionspanel \u2013 Lidy Evertsen &amp; Carmen Joanne Ablack<\/li><\/ul>\n\n\n\n<p><span style=\"color:#008fa6\" class=\"has-inline-color\">16:30-17:00h<\/span> <strong>Pause<\/strong><\/p>\n\n\n\n<p class=\"mb-0\"><span style=\"color:#008fa6\" class=\"has-inline-color\">17:00-18:15h<\/span> <strong>Plenumsdiskussion<\/strong><\/p>\n\n\n\n<ul><li>Anschlie\u00dfend Diskussion in kleineren Gruppen (Breakout-R\u00e4ume in verschiedenen Sprachen)<\/li><\/ul>\n\n\n\n<p><span style=\"color:#008fa6\" class=\"has-inline-color\">18:15-18:45h<\/span> <strong>Pause<\/strong><\/p>\n\n\n\n<p class=\"mb-0\"><span style=\"color:#008fa6\" class=\"has-inline-color\">18:45-20:00h<\/span> <strong>Dr Judyth Weaver<\/strong><\/p>\n\n\n\n<ul><li>Plenar-Workshop f\u00fcr gesamte Konferenz<\/li><\/ul>\n\n\n\n<p><span style=\"color:#008fa6\" class=\"has-inline-color\">20:00<\/span> <strong>Abschluss des Tages<\/strong><\/p>\n","protected":false},"excerpt":{"rendered":"<p>Programm Freitag den 10. September 2021 10:00-11:00h Ankunft und Begr\u00fcssung Breakout-R\u00e4ume stehen zur Verf\u00fcgung Internationales Mitgliederkomitee: Treffen mit \u2018Kongressneulingen\u2019 (10.00-10.50h) 11:00-13:15h Vollversammlung [&hellip;]<\/p>\n","protected":false},"author":1,"featured_media":0,"parent":213,"menu_order":50,"comment_status":"closed","ping_status":"closed","template":"page-templates\/page-program.php","meta":[],"_links":{"self":[{"href":"https:\/\/dev.congress.eabp.org\/2023\/site\/wp-json\/wp\/v2\/pages\/1258"}],"collection":[{"href":"https:\/\/dev.congress.eabp.org\/2023\/site\/wp-json\/wp\/v2\/pages"}],"about":[{"href":"https:\/\/dev.congress.eabp.org\/2023\/site\/wp-json\/wp\/v2\/types\/page"}],"author":[{"embeddable":true,"href":"https:\/\/dev.congress.eabp.org\/2023\/site\/wp-json\/wp\/v2\/users\/1"}],"replies":[{"embeddable":true,"href":"https:\/\/dev.congress.eabp.org\/2023\/site\/wp-json\/wp\/v2\/comments?post=1258"}],"version-history":[{"count":0,"href":"https:\/\/dev.congress.eabp.org\/2023\/site\/wp-json\/wp\/v2\/pages\/1258\/revisions"}],"up":[{"embeddable":true,"href":"https:\/\/dev.congress.eabp.org\/2023\/site\/wp-json\/wp\/v2\/pages\/213"}],"wp:attachment":[{"href":"https:\/\/dev.congress.eabp.org\/2023\/site\/wp-json\/wp\/v2\/media?parent=1258"}],"curies":[{"name":"wp","href":"https:\/\/api.w.org\/{rel}","templated":true}]}}